{"id":22,"date":"2024-01-07T13:11:55","date_gmt":"2024-01-07T13:11:55","guid":{"rendered":"https:\/\/szivosgallery.hu\/?page_id=22"},"modified":"2024-01-29T08:28:39","modified_gmt":"2024-01-29T08:28:39","slug":"rolam","status":"publish","type":"page","link":"https:\/\/szivosgallery.hu\/de\/rolam\/","title":{"rendered":"R\u00f3lam"},"content":{"rendered":"\n<p>Szakmai bemutatkoz\u00e1s<\/p>\n\n\n\n<p>Gesztusfest\u00e9szet, Absztrakt expesszionizmus<\/p>\n\n\n\n<p>Az alkot\u00f3 munka mindig is r\u00e9sze volt az \u00e9letemnek. T\u00f6bb mint 25 \u00e9ve foglalkozom k\u00fcl\u00f6nb\u00f6z\u0151 technik\u00e1kkal ( fest\u00e9szet t\u0171zzom\u00e1nc \u00f3lom\u00fcvegez\u0151)\u00e1ltal k\u00f6zvet\u00edteni a bels\u0151 vil\u00e1gomat ,l\u00e1t\u00e1sm\u00f3domat .Folyamatos k\u00eds\u00e9rletezget\u00e9s, kutat\u00e1s nyomon k\u00f6vethet\u0151 fest\u0151i korszakaimon de vissza- vissza t\u00e9rnek egyes elemek st\u00edlusjegyek, vagy annak \u00fajra gondolt tov\u00e1bbfejlesztett form\u00e1i. K\u00e9peimre jellemz\u0151 a k\u00e9pzelet szabad sz\u00e1rnyal\u00e1sa \u00edgy a v\u00e9geredm\u00e9ny magyar\u00e1zza meg az el\u0151re nem l\u00e1tott v\u00edzi\u00f3mat, vissza fejtve gondolataimat \u00e9rz\u00e9seimet.<\/p>\n\n\n\n<p>Szorong\u00e1ssal \u00e9s v\u00e1rakoz\u00e1ssal fordulok az \u00fcres v\u00e1szon fel\u00e9, mert egy el\u0151re ki nem gondolt, l\u00e9nyeg\u00e9ben teljesen ismeretlen k\u00e9pet akarok megval\u00f3s\u00edtani, illetve egy el\u0151re nem l\u00e1tott k\u00e9pnek kell a megfelel\u0151 impulzus hat\u00e1s\u00e1ra megval\u00f3sulni. Az alkot\u00e1s fesz\u00fclts\u00e9g\u00e9ben ott lappang az a nyomaszt\u00f3 bizonytalans\u00e1g\u00e9rz\u00e9s, vajon t\u00e9nyleg siker\u00fcl-e,\u00a0 amelybe ott van mindaz, amit\u00a0 fest\u00e9s el\u0151tti \u00e9s a fest\u00e9s k\u00f6zbeni percekben \u00e1t\u00e9lek, \u00e9s megk\u00eds\u00e9rlek koncentr\u00e1ltan a v\u00e1szonra ir\u00e1ny\u00edtani.<\/p>\n\n\n\n<p>Munk\u00e1imban a meg\u00e9lt vagy v\u00e1gyott \u00e9lm\u00e9nyek, \u00e9rz\u00e9sek ker\u00fclnek v\u00e1szonra, amik\u00a0 a szemem el\u0151tt alakulnak ki, szabad gesztusokra , sz\u00ednj\u00e1t\u00e9kra alapozva. \u00d6szt\u00f6n\u00f6s k\u00e9zmozdulatokkal val\u00f3 fest\u00e9s, olyan mozdulatokkal, amelyek jelenlegi \u00e9rz\u00e9seimet t\u00fckr\u00f6zi. Meghallani bels\u0151 hangunkat , mely olyan \u00e1llapotba visz, ahol a gondolatn\u00e9lk\u00fclis\u00e9gben hagyni kell megt\u00f6rt\u00e9nni a dolgokat. Az alkot\u00e1s folyamat\u00e1ban l\u00e9v\u0151 energi\u00e1k l\u00fcktetnek vissza  megism\u00e9telhetetlen form\u00e1ban a v\u00e1sznon. Ebben a m\u00e9ly \u00e1llapotban val\u00f3 \u00f6sszpontos\u00edt\u00e1s teljes szabads\u00e1got ad felszabadult tudatunknak.<\/p>\n\n\n\n<p>K\u00e9peimre jellemz\u0151 a r\u00e9tegezetts\u00e9g, fed\u00e9s, visszat\u00f6r\u00e9s. J\u00e1tszom az anyaggal a&nbsp; sz\u00ednnel, hagyom hogy&nbsp; a sz\u00ednes fest\u00e9kek saj\u00e1t fizikai t\u00f6rv\u00e9nyei, tulajdons\u00e1gai \u00e9rv\u00e9nyes\u00fcljenek. Mindemellett kontroll\u00e1lom is, \u00e9s \u00edgy j\u00f6nnek l\u00e9tre a k\u00e9p elemek, mely a n\u00e9z\u0151t szeml\u00e9l\u0151d\u00e9sre inspir\u00e1lja. Akrilt \u00e9s olajfest\u00e9ket egy\u00fcttesen haszn\u00e1lom a festm\u00e9nyeimen k\u00eds\u00e9rletezve azok adotts\u00e1gaival . Ugyanakkor biztos k\u00e9zre van sz\u00fcks\u00e9g hogy a gesztusfest\u00e9szetben absztrah\u00e1lni tudjunk. A szabad asszoci\u00e1ci\u00f3 \u00e9s a tudatos gondolatis\u00e1g egybe fon\u00f3dva mutatkozik meg ecsetemen kereszt\u00fcl.<\/p>\n","protected":false},"excerpt":{"rendered":"<p>Szakmai bemutatkoz\u00e1s Gesztusfest\u00e9szet, Absztrakt expesszionizmus Az alkot\u00f3 munka mindig is r\u00e9sze volt az \u00e9letemnek. T\u00f6bb mint 25 \u00e9ve foglalkozom k\u00fcl\u00f6nb\u00f6z\u0151 technik\u00e1kkal ( fest\u00e9szet t\u0171zzom\u00e1nc \u00f3lom\u00fcvegez\u0151)\u00e1ltal k\u00f6zvet\u00edteni a bels\u0151 vil\u00e1gomat ,l\u00e1t\u00e1sm\u00f3domat .Folyamatos k\u00eds\u00e9rletezget\u00e9s, kutat\u00e1s nyomon k\u00f6vethet\u0151 fest\u0151i korszakaimon de vissza- vissza t\u00e9rnek egyes elemek st\u00edlusjegyek, vagy annak \u00fajra gondolt tov\u00e1bbfejlesztett form\u00e1i. [&hellip;]<\/p>\n","protected":false},"author":1,"featured_media":0,"parent":0,"menu_order":0,"comment_status":"closed","ping_status":"closed","template":"","meta":{"footnotes":""},"class_list":["post-22","page","type-page","status-publish","hentry"],"_links":{"self":[{"href":"https:\/\/szivosgallery.hu\/de\/wp-json\/wp\/v2\/pages\/22","targetHints":{"allow":["GET"]}}],"collection":[{"href":"https:\/\/szivosgallery.hu\/de\/wp-json\/wp\/v2\/pages"}],"about":[{"href":"https:\/\/szivosgallery.hu\/de\/wp-json\/wp\/v2\/types\/page"}],"author":[{"embeddable":true,"href":"https:\/\/szivosgallery.hu\/de\/wp-json\/wp\/v2\/users\/1"}],"replies":[{"embeddable":true,"href":"https:\/\/szivosgallery.hu\/de\/wp-json\/wp\/v2\/comments?post=22"}],"version-history":[{"count":4,"href":"https:\/\/szivosgallery.hu\/de\/wp-json\/wp\/v2\/pages\/22\/revisions"}],"predecessor-version":[{"id":314,"href":"https:\/\/szivosgallery.hu\/de\/wp-json\/wp\/v2\/pages\/22\/revisions\/314"}],"wp:attachment":[{"href":"https:\/\/szivosgallery.hu\/de\/wp-json\/wp\/v2\/media?parent=22"}],"curies":[{"name":"wp","href":"https:\/\/api.w.org\/{rel}","templated":true}]}}